{"id":9714,"date":"2024-03-29T22:56:08","date_gmt":"2024-03-29T21:56:08","guid":{"rendered":"https:\/\/shensations.es\/producto\/kinesiotape\/"},"modified":"2025-05-20T02:12:19","modified_gmt":"2025-05-20T01:12:19","slug":"kinesiotape","status":"publish","type":"product","link":"https:\/\/shensations.es\/en\/producto\/kinesiotape\/","title":{"rendered":"KINESIOTAPE"},"content":{"rendered":"<div class=\"fw-row\">\n<div id=\"column-5eadb6e22641a\" class=\" fw-col-md-6 wow fadeIn animated\" data-wow-duration=\"1.5s\" data-wow-offset=\"100\">\n<div class=\"fw-main-row\">\n<div class=\"fw-col-inner\">\n<div class=\"fw-row\">\n<div id=\"column-5eadbae81a172\" class=\" fw-col-md-6 wow fadeIn animated\" data-wow-duration=\"1.5s\" data-wow-offset=\"100\">\n<div class=\"fw-main-row\">\n<div class=\"fw-col-inner\">\n<p style=\"text-align: justify;\"><span style=\"font-size: 12pt; font-family: georgia, palatino, serif;\">La sesi\u00f3n de <strong>KINESIOTAPE<\/strong> es un servicio terap\u00e9utico que utiliza <strong>cintas el\u00e1sticas adhesivas<\/strong> para proporcionar soporte y estabilidad a los m\u00fasculos y articulaciones, as\u00ed como para <strong>facilitar el proceso de curaci\u00f3n de lesiones musculoesquel\u00e9ticas<\/strong>. Esta t\u00e9cnica se basa en el principio de que el movimiento y la funci\u00f3n muscular pueden mejorar mediante la aplicaci\u00f3n adecuada de cintas el\u00e1sticas sobre la piel.<\/span><\/p>\n<\/div>\n<div class=\"fw-col-inner\">\n<blockquote>\n<p style=\"text-align: left;\"><span style=\"font-size: 14pt; font-family: georgia, palatino, serif;\"><strong><span style=\"color: #008080;\">Hay que buscar el buen equilibrio en el movimiento y no en la quietud.<\/span><\/strong><\/span><\/p>\n<\/blockquote>\n<h2 style=\"text-align: left;\"><strong><span style=\"font-family: georgia, palatino, serif; font-size: 14pt;\">C\u00d3MO ES UNA SESION DE KINESIOTAPE:\u00a0<\/span><\/strong><\/h2>\n<p style=\"text-align: justify;\"><span style=\"font-size: 12pt;\"><span style=\"font-family: georgia, palatino, serif;\">Antes de comenzar la sesi\u00f3n, se lleva a cabo una <\/span><strong>evaluaci\u00f3n inicial<\/strong> del cliente para identificar el \u00e1rea espec\u00edfica de la lesi\u00f3n o la disfunci\u00f3n musculoesquel\u00e9tica que se va a tratar. Se revisa la historia personal, se realizan <strong>pruebas de movimiento y se eval\u00faa el alcance del dolor y la limitaci\u00f3n funcional<\/strong>.\u00a0Se limpia y seca la piel en el \u00e1rea de acci\u00f3n para garantizar una adherencia \u00f3ptima de las cintas kinesiol\u00f3gicas y prevenir irritaciones cut\u00e1neas.\u00a0El terapeuta utiliza t\u00e9cnicas espec\u00edficas de <strong>aplicaci\u00f3n de cintas kinesiol\u00f3gicas para proporcionar soporte, estabilidad<\/strong> y facilitar el movimiento en el \u00e1rea afectada. Se aplican las cintas de manera precisa y estrat\u00e9gica, siguiendo patrones musculares y articulares espec\u00edficos.\u00a0Se proporcionan instrucciones al paciente sobre c\u00f3mo cuidar y mantener las cintas kinesiol\u00f3gicas entre sesiones, as\u00ed como sobre la duraci\u00f3n recomendada para su uso.\u00a0Durante las sesiones de seguimiento, se realizan ajustes en la aplicaci\u00f3n de las cintas seg\u00fan sea necesario para garantizar su eficacia continua y abordar cualquier cambio en la condici\u00f3n del paciente.<\/span><\/p>\n<\/div>\n<div class=\"fw-col-inner\">\n<p><span style=\"font-family: georgia, palatino, serif; font-size: 12pt;\">PALABRA CLAVE:<strong>\u00a0PALPACI\u00d3N &#8211; MUSCULOESQUEL\u00c9TICO- CINTAS ADHESIVAS<\/strong><\/span><\/p>\n<h2 style=\"text-align: justify;\"><strong><span style=\"font-family: georgia, palatino, serif; font-size: 14pt;\">BENEFICIOS:<\/span><\/strong><\/h2>\n<div class=\"flex-1 overflow-hidden\">\n<div class=\"react-scroll-to-bottom--css-jpufu-79elbk h-full\">\n<div class=\"react-scroll-to-bottom--css-jpufu-1n7m0yu\">\n<div class=\"flex flex-col text-sm pb-9\">\n<div class=\"w-full text-token-text-primary\" data-testid=\"conversation-turn-5\">\n<div class=\"px-4 py-2 justify-center text-base md:gap-6 m-auto\">\n<div class=\"flex flex-1 text-base mx-auto gap-3 md:px-5 lg:px-1 xl:px-5 md:max-w-3xl lg:max-w-[40rem] xl:max-w-[48rem] group final-completion\">\n<div class=\"relative flex w-full flex-col agent-turn\">\n<div class=\"flex-col gap-1 md:gap-3\">\n<div class=\"flex flex-grow flex-col max-w-full\">\n<div class=\"min-h-[20px] text-message flex flex-col items-start gap-3 whitespace-pre-wrap break-words [.text-message+&amp;]:mt-5 overflow-x-auto\" data-message-author-role=\"assistant\" data-message-id=\"3d0b8f4b-8782-4002-a621-3b9617c958e7\">\n<div class=\"markdown prose w-full break-words dark:prose-invert dark\">\n<p style=\"text-align: justify;\"><span style=\"font-size: 12pt; font-family: georgia, palatino, serif;\">Proporciona <strong>soporte y estabilidad a las articulaciones y m\u00fasculos<\/strong>, ayudando a <strong>prevenir lesiones<\/strong> y reducir la carga sobre \u00e1reas lesionadas o debilitadas.\u00a0El kinesiotape est\u00e1 dise\u00f1ado para levantar la piel,\u00a0<strong>mejorando la circulaci\u00f3n sangu\u00ednea y linf\u00e1tica en el \u00e1rea afectad<\/strong>a, promoviendo as\u00ed la curaci\u00f3n y la recuperaci\u00f3n.\u00a0Ayuda a reducir el dolor al disminuir la presi\u00f3n sobre los receptores del dolor y <strong>aliviar la tensi\u00f3n muscular<\/strong> en \u00e1reas lesionadas o tensas.\u00a0Facilita el movimiento al proporcionar un soporte suave pero funcional, lo que permite que los clientes se muevan con <strong>mayor libertad y comodidad<\/strong> durante el proceso de recuperaci\u00f3n.\u00a0Puede utilizarse como parte de un programa de mejora para optimizar la funci\u00f3n muscular y articular y<strong> acelerar la recuperaci\u00f3n<\/strong> despu\u00e9s de una lesi\u00f3n.<\/span><\/p>\n<p style=\"text-align: justify;\"><span style=\"font-size: 12pt; font-family: georgia, palatino, serif;\"><strong>En resumen, la sesi\u00f3n de kinesiotape ofrece una opci\u00f3n terap\u00e9utica efectiva y no invasiva para mejorar la funci\u00f3n musculoesquel\u00e9tica, proporcionar alivio del dolor y facilitar la recuperaci\u00f3n, brindando \u00a0una mayor comodidad y movilidad durante su proceso de mejora.<\/strong><\/span><\/p>\n<\/div>\n<\/div>\n<\/div>\n<\/div>\n<\/div>\n<\/div>\n<\/div>\n<\/div>\n<\/div>\n<\/div>\n<\/div>\n<\/div>\n<h2 style=\"text-align: center;\"><span style=\"font-size: 18pt;\"><a href=\"https:\/\/shensations.es\/en\/reservas\/\"><span style=\"color: #a98a75;\"><strong>RESERVA ONLINE<\/strong><\/span><\/a><\/span><\/h2>\n<p>&nbsp;<\/p>\n<\/div>\n<\/div>\n<\/div>\n<\/div>\n<\/div>\n<\/div>\n<\/div>\n<\/div>\n","protected":false},"excerpt":{"rendered":"<p style=\"text-align: justify;\"><span style=\"font-size: 14pt;\"><strong><span style=\"color: #a98a75;\"><span style=\"font-family: georgia, palatino, serif;\">LIBERA TU MOVIMIENTO, ENCUENTRA \u00a0TU FUERZA\u00a0<\/span><\/span><\/strong><\/span><\/p>\n<p style=\"text-align: justify;\">El <strong>KINESIOTAPE<\/strong> utiliza <strong>cintas el\u00e1sticas adhesivas<\/strong> para proporcionar <strong>soporte y estabilidad<\/strong> a los m\u00fasculos y articulaciones, as\u00ed como para facilitar el proceso de sanaci\u00f3n de lesiones musculoesquel\u00e9ticas.<\/p>\n<p style=\"text-align: justify;\"><span style=\"font-size: 12pt; font-family: georgia, palatino, serif;\">\u00a1 Reg\u00e1lalo a esa persona querida!.<\/span><\/p>\n<p><span style=\"font-family: georgia, palatino, serif; font-size: 12pt;\"><strong><h3 class=\"sc_title sc_title_iconed\" style=\"color:#A98A75;\"><span class=\"sc_title_icon sc_title_icon_left  sc_title_icon_small icon-meditation3\"><\/span>REGALA ONLINE<\/h3><\/strong><\/span><\/p>\n<p style=\"text-align: justify;\"><span style=\"font-family: georgia, palatino, serif; font-size: 12pt;\">\u00a1Muestra tus Afectos a trav\u00e9s de tus regalos!. Tras pagar, podr\u00e1s rellenar un formulario con los datos necesarios para preparar tu Tarjeta Regalo Online.<\/span><\/p>\n","protected":false},"featured_media":9686,"comment_status":"open","ping_status":"closed","template":"","meta":{"_monsterinsights_skip_tracking":false,"_monsterinsights_sitenote_active":false,"_monsterinsights_sitenote_note":"","_monsterinsights_sitenote_category":0},"product_cat":[],"product_tag":[],"yoast_head":"<!-- This site is optimized with the Yoast SEO Premium plugin v15.8.2 - https:\/\/yoast.com\/wordpress\/plugins\/seo\/ -->\n<title>KINESIOTAPE - ShenSations. Masajes y Shiatsu en Sevilla<\/title>\n<meta name=\"robots\" content=\"index, follow, max-snippet:-1, max-image-preview:large, max-video-preview:-1\" \/>\n<link rel=\"canonical\" href=\"https:\/\/shensations.es\/en\/producto\/kinesiotape\/\" \/>\n<meta property=\"og:locale\" content=\"en_US\" \/>\n<meta property=\"og:type\" content=\"article\" \/>\n<meta property=\"og:title\" content=\"KINESIOTAPE - ShenSations. Masajes y Shiatsu en Sevilla\" \/>\n<meta property=\"og:description\" content=\"LIBERA TU MOVIMIENTO, ENCUENTRA \u00a0TU FUERZA\u00a0 El KINESIOTAPE utiliza cintas el\u00e1sticas adhesivas para proporcionar soporte y estabilidad a los m\u00fasculos y articulaciones, as\u00ed como para facilitar el proceso de sanaci\u00f3n de lesiones musculoesquel\u00e9ticas. \u00a1 Reg\u00e1lalo a esa persona querida!.  \u00a1Muestra tus Afectos a trav\u00e9s de tus regalos!. Tras pagar, podr\u00e1s rellenar un formulario con los datos necesarios para preparar tu Tarjeta Regalo Online.\" \/>\n<meta property=\"og:url\" content=\"https:\/\/shensations.es\/en\/producto\/kinesiotape\/\" \/>\n<meta property=\"og:site_name\" content=\"ShenSations. Masajes y Shiatsu en Sevilla\" \/>\n<meta property=\"article:publisher\" content=\"https:\/\/www.facebook.com\/www.shensations.es\/\" \/>\n<meta property=\"article:modified_time\" content=\"2025-05-20T01:12:19+00:00\" \/>\n<meta name=\"twitter:label1\" content=\"Price\">\n\t<meta name=\"twitter:data1\" content=\"\">\n\t<meta name=\"twitter:label2\" content=\"Availability\">\n\t<meta name=\"twitter:data2\" content=\"In stock\">\n<script type=\"application\/ld+json\" class=\"yoast-schema-graph\">{\"@context\":\"https:\/\/schema.org\",\"@graph\":[{\"@type\":[\"Organization\",\"Place\",\"LocalBusiness\"],\"@id\":\"https:\/\/shensations.es\/#organization\",\"name\":\"ShenSations: Masajes, Acupuntura y Shiatsu en Sevilla\",\"url\":\"https:\/\/shensations.es\/\",\"sameAs\":[\"https:\/\/www.facebook.com\/www.shensations.es\/\",\"https:\/\/www.instagram.com\/shensationsevilla\/\",\"https:\/\/www.linkedin.com\/company\/shensations-centro-de-terapias-integrativas\/\",\"https:\/\/www.youtube.com\/channel\/UCn5FkDptfoBzSmLbJwYsGpQ\"],\"logo\":{\"@type\":\"ImageObject\",\"@id\":\"https:\/\/shensations.es\/#logo\",\"inLanguage\":\"en-US\",\"url\":\"https:\/\/shensations.es\/wp-content\/uploads\/2020\/05\/Masajes1-e1589137357634.jpg\",\"width\":1125,\"height\":1080,\"caption\":\"ShenSations: Masajes, Acupuntura y Shiatsu en Sevilla\"},\"image\":{\"@id\":\"https:\/\/shensations.es\/#logo\"},\"location\":{\"@id\":\"https:\/\/shensations.es\/en\/producto\/kinesiotape\/#local-place\"},\"address\":{\"@id\":\"https:\/\/shensations.es\/en\/producto\/kinesiotape\/#local-place-address\"},\"email\":\"info@shensations.es\",\"telephone\":\"+34 606544244\",\"priceRange\":\"$\",\"currenciesAccepted\":\"EUROS\",\"paymentAccepted\":\"EFECTIVO y TARJETA CR\\u00c9DITO\"},{\"@type\":\"WebSite\",\"@id\":\"https:\/\/shensations.es\/#website\",\"url\":\"https:\/\/shensations.es\/\",\"name\":\"ShenSations. Masajes, Acupuntura y Shiatsu en Sevilla\",\"description\":\"\",\"publisher\":{\"@id\":\"https:\/\/shensations.es\/#organization\"},\"potentialAction\":[{\"@type\":\"SearchAction\",\"target\":\"https:\/\/shensations.es\/?s={search_term_string}\",\"query-input\":\"required name=search_term_string\"}],\"inLanguage\":\"en-US\"},{\"@type\":\"ImageObject\",\"@id\":\"https:\/\/shensations.es\/en\/producto\/kinesiotape\/#primaryimage\",\"inLanguage\":\"en-US\",\"url\":\"https:\/\/shensations.es\/wp-content\/uploads\/2024\/03\/21.jpg\",\"width\":1080,\"height\":1080},{\"@type\":\"WebPage\",\"@id\":\"https:\/\/shensations.es\/en\/producto\/kinesiotape\/#webpage\",\"url\":\"https:\/\/shensations.es\/en\/producto\/kinesiotape\/\",\"name\":\"KINESIOTAPE - ShenSations. Masajes y Shiatsu en Sevilla\",\"isPartOf\":{\"@id\":\"https:\/\/shensations.es\/#website\"},\"primaryImageOfPage\":{\"@id\":\"https:\/\/shensations.es\/en\/producto\/kinesiotape\/#primaryimage\"},\"datePublished\":\"2024-03-29T21:56:08+00:00\",\"dateModified\":\"2025-05-20T01:12:19+00:00\",\"breadcrumb\":{\"@id\":\"https:\/\/shensations.es\/en\/producto\/kinesiotape\/#breadcrumb\"},\"inLanguage\":\"en-US\",\"potentialAction\":[{\"@type\":\"ReadAction\",\"target\":[\"https:\/\/shensations.es\/en\/producto\/kinesiotape\/\"]}]},{\"@type\":\"BreadcrumbList\",\"@id\":\"https:\/\/shensations.es\/en\/producto\/kinesiotape\/#breadcrumb\",\"itemListElement\":[{\"@type\":\"ListItem\",\"position\":1,\"item\":{\"@type\":\"WebPage\",\"@id\":\"https:\/\/shensations.es\/en\/\",\"url\":\"https:\/\/shensations.es\/en\/\",\"name\":\"Portada\"}},{\"@type\":\"ListItem\",\"position\":2,\"item\":{\"@type\":\"WebPage\",\"@id\":\"https:\/\/shensations.es\/tienda\/\",\"url\":\"https:\/\/shensations.es\/tienda\/\",\"name\":\"Tienda\"}},{\"@type\":\"ListItem\",\"position\":3,\"item\":{\"@type\":\"WebPage\",\"@id\":\"https:\/\/shensations.es\/en\/producto\/kinesiotape\/\",\"url\":\"https:\/\/shensations.es\/en\/producto\/kinesiotape\/\",\"name\":\"KINESIOTAPE\"}}]},{\"@type\":\"Place\",\"@id\":\"https:\/\/shensations.es\/en\/producto\/kinesiotape\/#local-place\",\"address\":{\"@type\":\"PostalAddress\",\"@id\":\"https:\/\/shensations.es\/en\/producto\/kinesiotape\/#local-place-address\",\"streetAddress\":\"Calle Esperanza Elena Caro, n2 Planta 2\\u00ba -A2\",\"addressLocality\":\"Sevilla\",\"postalCode\":\"41002\",\"addressRegion\":\"Andalucia\",\"addressCountry\":\"ES\"},\"geo\":{\"@type\":\"GeoCoordinates\",\"latitude\":\"\",\"longitude\":\"\"},\"openingHoursSpecification\":[{\"@type\":\"OpeningHoursSpecification\",\"dayOfWeek\":[\"Monday\",\"Tuesday\",\"Wednesday\",\"Thursday\",\"Friday\"],\"opens\":\"10:00\",\"closes\":\"21:00\"},{\"@type\":\"OpeningHoursSpecification\",\"dayOfWeek\":[\"Saturday\"],\"opens\":\"11:00\",\"closes\":\"21:00\"},{\"@type\":\"OpeningHoursSpecification\",\"dayOfWeek\":[\"Sunday\"],\"opens\":\"00:00\",\"closes\":\"00:00\"}],\"telephone\":\"+34 606544244\"}]}<\/script>\n<meta name=\"geo.placename\" content=\"Sevilla\" \/>\n<meta name=\"geo.region\" content=\"Spain\" \/>\n<!-- \/ Yoast SEO Premium plugin. -->","_links":{"self":[{"href":"https:\/\/shensations.es\/en\/wp-json\/wp\/v2\/product\/9714"}],"collection":[{"href":"https:\/\/shensations.es\/en\/wp-json\/wp\/v2\/product"}],"about":[{"href":"https:\/\/shensations.es\/en\/wp-json\/wp\/v2\/types\/product"}],"replies":[{"embeddable":true,"href":"https:\/\/shensations.es\/en\/wp-json\/wp\/v2\/comments?post=9714"}],"wp:featuredmedia":[{"embeddable":true,"href":"https:\/\/shensations.es\/en\/wp-json\/wp\/v2\/media\/9686"}],"wp:attachment":[{"href":"https:\/\/shensations.es\/en\/wp-json\/wp\/v2\/media?parent=9714"}],"wp:term":[{"taxonomy":"product_cat","embeddable":true,"href":"https:\/\/shensations.es\/en\/wp-json\/wp\/v2\/product_cat?post=9714"},{"taxonomy":"product_tag","embeddable":true,"href":"https:\/\/shensations.es\/en\/wp-json\/wp\/v2\/product_tag?post=9714"}],"curies":[{"name":"wp","href":"https:\/\/api.w.org\/{rel}","templated":true}]}}