{"id":6592,"date":"2016-04-04T13:07:32","date_gmt":"2016-04-04T13:07:32","guid":{"rendered":"https:\/\/shensations.es\/conocenos\/"},"modified":"2025-06-08T21:47:58","modified_gmt":"2025-06-08T20:47:58","slug":"conocenos","status":"publish","type":"page","link":"https:\/\/shensations.es\/en\/conocenos\/","title":{"rendered":"About Us"},"content":{"rendered":"<p>[vc_row][vc_column][vc_empty_space height=&#8221;4em&#8221;]<h2 class=\"sc_title sc_title_regular sc_align_center\" style=\"text-align:center;\"><\/p>\n<p style=\"text-align: center;\"><span style=\"color: #8abdbe;\"><strong>CONTRIBUTING TO THE CONSTRUCTION OF A MORE CONSCIOUS WORLD.<\/strong><\/span><\/p>\n<p><\/h2>[vc_column_text]<\/p>\n<p style=\"text-align: justify;\">We know that human beings have <strong>enormous potential<\/strong> and we want a better world where <strong>people<\/strong> are more <strong>empowered<\/strong> and <strong>more aware<\/strong> of their whole being: body, mind, emotions and spirit. For this, we offer you a wide variety of techniques based on the fundamentals of <strong>Eastern Wisdom<\/strong>, which will enable you to begin a <strong>journey inside yourself<\/strong>. This journey will allow you to <strong>explore, focus, inspire and act<\/strong> from other angles. <strong>Self-knowledge<\/strong> on a basis of relaxation and enjoyment.<\/p>\n<p>[\/vc_column_text][vc_empty_space height=&#8221;2em&#8221;]<div class=\"sc_section aligncenter\"><div class=\"sc_section_inner\"><div class=\"sc_section_content_wrap\"><a href=\"https:\/\/vimeo.com\/413703302\" class=\"cq-videocover-lightbox\" data-lightbox-gallery=\"\" data-videowidth=\"\" title=\"\"><div class=\"cq-videocover \" data-iconsize=\"3em\" data-iconbgsize=\"\" data-iconcolor=\"\" data-iconbgcolor=\"\" data-tooltip=\"\" data-iconposition=\"center\"><img src=\"https:\/\/shensations.es\/wp-content\/uploads\/2020\/04\/Conocenos.-ShenSations-1-800x450.jpg\" alt=\"Conocenos ShenSations\" class=\"cq-videocover-img roundlarge\"  \/><div class=\"cq-videocover-iconcontainer roundsmall icon-center\"><i class=\"cq-videocover-icon fa fa-youtube-play\"><\/i><\/div><\/div><\/a><\/div><\/div><\/div>[vc_empty_space height=&#8221;2em&#8221;][\/vc_column][\/vc_row][vc_row][vc_column]<div class=\"cq-bannerblock \" data-titleborder=\"none\" data-titlebordercolor=\"#fff\" data-titlebordersize=\"1px\" data-bannertitlesize=\"3em\" data-bannercontentsize=\"2em\" data-buttonborder=\"\" data-buttonbordersize=\"1px\" data-buttonbordercolor=\"#FFF\" data-titleborderwidth=\"\" data-elementmargin=\"\" data-elementheight=\"350px\" data-backbuttoncolor=\"\" data-backbuttonbg=\"\" data-backbuttonhoverbg=\"\" data-backbuttonhovercolor=\"\" data-buttonshape=\"\" data-issmoothscroll=\"yes\"  data-isarrow=\"\" data-arrowsize=\"\" data-arrowcolor=\"\" data-buttonfontsize=\"\" data-buttonpadding=\"\" data-textcolor=\"#a98a75\" data-arrowoffset=\"\"><div class=\"cq-bannerblock-content\"><h4 class=\"cq-bannerblock-title\">Your Best Studio in Seville<\/h4><span class=\"cq-bannerblock-desc\">We offer MAS<br \/>\nMASSAGES - ACUPUNCTURE -SHIATSU<\/span><\/div><\/div><div class=\"columns_wrap sc_columns columns_nofluid no_margins sc_columns_count_3 equal_height\"><div class=\"column-1_3 sc_column_item sc_column_item_1 odd first\"><div class=\"sc_column_item_inner\" style=\"background-color:#f8f8f8;\"><h3 class=\"sc_title sc_title_regular sc_align_center\" style=\"margin-top:2.45em;text-align:center;\">PERSONALIZED TREATMENTS<\/h3><div class=\"sc_line sc_line_position_center_center sc_line_style_solid\" style=\"margin-top:1.1em;margin-right:auto;margin-bottom:1.2em;margin-left:auto;width:70px;border-top-style:solid;border-top-color:#e8e8e8;\"><\/div>[vc_column_text]<\/p>\n<p style=\"text-align: center;\">In the midst of every difficulty lies opportunity. Get your power back!<\/p>\n<p>[\/vc_column_text]<a href=\"https:\/\/shensations.es\/en\/servicios\/\" class=\"sc_button sc_button_square sc_button_style_filled sc_button_size_base aligncenter\" style=\"margin-top:2em;margin-bottom:7em;background-color:#8ed4cc; border-color:#8ed4cc;\"><div><span class=\"first\">VISIT NOW<\/span><span class=\"second\">VISIT NOW<\/span><\/div><\/a><\/div><\/div><div class=\"column-1_3 sc_column_item sc_column_item_2 even\"><div class=\"sc_column_item_inner\" style=\"background-image:url(https:\/\/shensations.es\/wp-content\/uploads\/2025\/06\/servicios-masajes.jpg);background-repeat:no-repeat;background-size:cover;\"><\/div><\/div><div class=\"column-1_3 sc_column_item sc_column_item_3 odd\"><div class=\"sc_column_item_inner\" style=\"background-color:#f8f8f8;\"><h3 class=\"sc_title sc_title_regular sc_align_center\" style=\"margin-top:2.45em;text-align:center;\">ANCIENT TECHNIQUES<\/h3><div class=\"sc_line sc_line_position_center_center sc_line_style_solid\" style=\"margin-top:1.1em;margin-right:auto;margin-bottom:1.2em;margin-left:auto;width:70px;border-top-style:solid;border-top-color:#e8e8e8;\"><\/div>[vc_column_text]<\/p>\n<p style=\"text-align: center;\">More than 5,000 years of wisdom at your service. A true inner discovery of yourself!.<\/p>\n<p>[\/vc_column_text]<a href=\"https:\/\/shensations.es\/en\/tecnicas-integrativas\/\" class=\"sc_button sc_button_square sc_button_style_filled sc_button_size_base aligncenter\" style=\"margin-top:2em;margin-bottom:7em;background-color:#8ed4cc; border-color:#8ed4cc;\"><div><span class=\"first\">VISIT NOW<\/span><span class=\"second\">VISIT NOW<\/span><\/div><\/a><\/div><\/div><\/div>[vc_empty_space height=&#8221;3em&#8221;][\/vc_column][\/vc_row][vc_row full_width=&#8221;stretch_row&#8221; css=&#8221;.vc_custom_1591633974524{background-color: #f2f2f2 !important;}&#8221;][vc_column][vc_empty_space height=&#8221;3em&#8221;]<div id=\"sc_blogger_1048442369\" class=\"sc_blogger layout_classic_3 template_masonry  sc_blogger_horizontal no_description\"><h6 class=\"sc_blogger_subtitle sc_item_subtitle\">From the Blog<\/h6><h2 class=\"sc_blogger_title sc_item_title\">OUR NEWS<\/h2><div class=\"sc_blogger_descr sc_item_descr\">News, articles and reflections for further progress<\/div><div class=\"isotope_wrap\" data-columns=\"3\">\t\t<div class=\"isotope_item isotope_item_classic isotope_item_classic_3 isotope_column_3\t\t\t\t\t\">\n\t\t\t<div class=\"post_item post_item_classic post_item_classic_3\t\t\t\t  post_format_standard odd\">\n\t\t\t\t\n\t\t\t\t\t\t\t\t\t<div class=\"post_featured\">\n\t\t\t\t\t\t\t<div class=\"post_thumb\" data-image=\"https:\/\/shensations.es\/wp-content\/uploads\/2021\/09\/DSC04633-scaled-e1634033367673.jpg\" data-title=\"Californian massage in Seville: harmony and wellbeing in every movement\">\n\t<a class=\"hover_icon hover_icon_link\" href=\"https:\/\/shensations.es\/en\/masaje-californiano-sevilla\/\"><img class=\"wp-post-image\" width=\"370\" height=\"209\" alt=\"Masaje Californiano\" src=\"https:\/\/shensations.es\/wp-content\/uploads\/2021\/09\/DSC04633-scaled-e1634033367673-370x209.jpg\"><\/a>\t<\/div>\n\t\t\t\t\t\t<\/div>\n\t\t\t\t\n\t\t\t\t<div class=\"post_content isotope_item_content\">\n\t\t\t\t\t\n\t\t\t\t\t<div class=\"post_category\"><a href=\"https:\/\/shensations.es\/en\/category\/tecnicas-ancestrales-en\/\" rel=\"tag\">Ancient techniques<\/a>, <a href=\"https:\/\/shensations.es\/en\/category\/blogger\/\" rel=\"tag\">Blogger<\/a>, <a href=\"https:\/\/shensations.es\/en\/category\/tratamientos-integrales-en\/\" rel=\"tag\">Integrative Treatments<\/a>, <a href=\"https:\/\/shensations.es\/en\/category\/tecnicas-ancestrales-en\/masajes-en\/\" rel=\"tag\">Massages<\/a>, <a href=\"https:\/\/shensations.es\/en\/category\/tecnicas-ancestrales-en\/others\/\" rel=\"tag\">Others<\/a><\/div>\n\t\t\t\t\t\t\t\t\t\t\t\t<h4 class=\"post_title\"><a href=\"https:\/\/shensations.es\/en\/masaje-californiano-sevilla\/\">Californian massage in Seville: harmony and wellbeing in every movement<\/a><\/h4>\n\t\t\t\t\t\t\t<div class=\"post_info\">\n\t\t\t<span class=\"post_info_item post_info_posted\"> <a href=\"https:\/\/shensations.es\/en\/masaje-californiano-sevilla\/\" class=\"post_info_date\">18 November 2025<\/a><\/span>\n\t\t\t\t<span class=\"post_info_item post_info_posted_by\">Posted by <a href=\"https:\/\/shensations.es\/en\/author\/blogger\/\" class=\"post_info_author\">Blogger<\/a><\/span>\n\t<\/div>\n\t\t\t\t\t<div class=\"post_descr\">\n\t\t\t\t\t\t<p><\/p>\t\t\t\t\t<\/div>\n\n\t\t\t\t<\/div>\t\t\t\t<!-- \/.post_content -->\n\t\t\t<\/div>\t<!-- \/.post_item -->\n\t\t<\/div>\t\t\t\t\t\t<!-- \/.isotope_item -->\n\t\t\t\t<div class=\"isotope_item isotope_item_classic isotope_item_classic_3 isotope_column_3\t\t\t\t\t\">\n\t\t\t<div class=\"post_item post_item_classic post_item_classic_3\t\t\t\t  post_format_standard even\">\n\t\t\t\t\n\t\t\t\t\t\t\t\t\t<div class=\"post_featured\">\n\t\t\t\t\t\t\t<div class=\"post_thumb\" data-image=\"https:\/\/shensations.es\/wp-content\/uploads\/2025\/10\/Portadas-BLOG-SHENSATIONS-2.jpg\" data-title=\"Inclusive massages in Seville: ShenSations&#8217; commitment to the LGTBIQ+ community\">\n\t<a class=\"hover_icon hover_icon_link\" href=\"https:\/\/shensations.es\/en\/masajes-inclusivos-sevilla-comunidad-lgtbiq\/\"><img class=\"wp-post-image\" width=\"370\" height=\"209\" alt=\"\" src=\"https:\/\/shensations.es\/wp-content\/uploads\/2025\/10\/Portadas-BLOG-SHENSATIONS-2-370x209.jpg\"><\/a>\t<\/div>\n\t\t\t\t\t\t<\/div>\n\t\t\t\t\n\t\t\t\t<div class=\"post_content isotope_item_content\">\n\t\t\t\t\t\n\t\t\t\t\t<div class=\"post_category\"><a href=\"https:\/\/shensations.es\/en\/category\/uncategorized\/\" rel=\"tag\">Uncategorized<\/a><\/div>\n\t\t\t\t\t\t\t\t\t\t\t\t<h4 class=\"post_title\"><a href=\"https:\/\/shensations.es\/en\/masajes-inclusivos-sevilla-comunidad-lgtbiq\/\">Inclusive massages in Seville: ShenSations&#8217; commitment to the LGTBIQ+ community<\/a><\/h4>\n\t\t\t\t\t\t\t<div class=\"post_info\">\n\t\t\t<span class=\"post_info_item post_info_posted\"> <a href=\"https:\/\/shensations.es\/en\/masajes-inclusivos-sevilla-comunidad-lgtbiq\/\" class=\"post_info_date\">23 October 2025<\/a><\/span>\n\t\t\t\t<span class=\"post_info_item post_info_posted_by\">Posted by <a href=\"https:\/\/shensations.es\/en\/author\/blogger\/\" class=\"post_info_author\">Blogger<\/a><\/span>\n\t<\/div>\n\t\t\t\t\t<div class=\"post_descr\">\n\t\t\t\t\t\t<p><\/p>\t\t\t\t\t<\/div>\n\n\t\t\t\t<\/div>\t\t\t\t<!-- \/.post_content -->\n\t\t\t<\/div>\t<!-- \/.post_item -->\n\t\t<\/div>\t\t\t\t\t\t<!-- \/.isotope_item -->\n\t\t\t\t<div class=\"isotope_item isotope_item_classic isotope_item_classic_3 isotope_column_3\t\t\t\t\t\">\n\t\t\t<div class=\"post_item post_item_classic post_item_classic_3\t\t\t\t  post_format_standard odd last\">\n\t\t\t\t\n\t\t\t\t\t\t\t\t\t<div class=\"post_featured\">\n\t\t\t\t\t\t\t<div class=\"post_thumb\" data-image=\"https:\/\/shensations.es\/wp-content\/uploads\/2025\/10\/Producto.-Traditional-Thai-e1588444269203.jpg\" data-title=\"Masaje tailand\u00e9s en Sevilla: tradici\u00f3n y bienestar en cada sesi\u00f3n\">\n\t<a class=\"hover_icon hover_icon_link\" href=\"https:\/\/shensations.es\/en\/masaje-tailandes-sevilla\/\"><img class=\"wp-post-image\" width=\"370\" height=\"209\" alt=\"\" src=\"https:\/\/shensations.es\/wp-content\/uploads\/2025\/10\/Producto.-Traditional-Thai-e1588444269203-370x209.jpg\"><\/a>\t<\/div>\n\t\t\t\t\t\t<\/div>\n\t\t\t\t\n\t\t\t\t<div class=\"post_content isotope_item_content\">\n\t\t\t\t\t\n\t\t\t\t\t<div class=\"post_category\"><a href=\"https:\/\/shensations.es\/en\/category\/uncategorized\/\" rel=\"tag\">Uncategorized<\/a><\/div>\n\t\t\t\t\t\t\t\t\t\t\t\t<h4 class=\"post_title\"><a href=\"https:\/\/shensations.es\/en\/masaje-tailandes-sevilla\/\">Masaje tailand\u00e9s en Sevilla: tradici\u00f3n y bienestar en cada sesi\u00f3n<\/a><\/h4>\n\t\t\t\t\t\t\t<div class=\"post_info\">\n\t\t\t<span class=\"post_info_item post_info_posted\"> <a href=\"https:\/\/shensations.es\/en\/masaje-tailandes-sevilla\/\" class=\"post_info_date\">9 October 2025<\/a><\/span>\n\t\t\t\t<span class=\"post_info_item post_info_posted_by\">Posted by <a href=\"https:\/\/shensations.es\/en\/author\/blogger\/\" class=\"post_info_author\">Blogger<\/a><\/span>\n\t<\/div>\n\t\t\t\t\t<div class=\"post_descr\">\n\t\t\t\t\t\t<p><\/p>\t\t\t\t\t<\/div>\n\n\t\t\t\t<\/div>\t\t\t\t<!-- \/.post_content -->\n\t\t\t<\/div>\t<!-- \/.post_item -->\n\t\t<\/div>\t\t\t\t\t\t<!-- \/.isotope_item -->\n\t\t<\/div><\/div>[vc_empty_space height=&#8221;3em&#8221;][\/vc_column][\/vc_row][vc_row][vc_column][vc_empty_space height=&#8221;3em&#8221;][\/vc_column][\/vc_row][vc_row full_width=&#8221;stretch_row&#8221; inverse=&#8221;yes&#8221; css=&#8221;.vc_custom_1588337622774{background-image: url(https:\/\/shensations.es\/wp-content\/uploads\/2020\/05\/BUDA.-disfrutar-regalar.jpg?id=5401) !important;}&#8221;][vc_column][vc_empty_space height=&#8221;4.5em&#8221;]<h2 class=\"sc_title sc_title_regular sc_align_center\" style=\"margin-bottom:0.28em;text-align:center;\">Body, Mind, Emotions and Spirit.<\/h2><h6 class=\"sc_title sc_title_regular sc_align_center\" style=\"margin-bottom:2em;text-align:center;font-size:1.23em;\">A great time to enjoy and give !.<\/h6><div class=\"sc_section aligncenter\"><div class=\"sc_section_inner\"><div class=\"sc_section_content_wrap\"><a href=\"https:\/\/shensations.es\/en\/reservass\/\" target=\"_blank\" class=\"sc_button sc_button_square sc_button_style_border sc_button_size_base\" style=\"margin-right:10px;margin-left:10px;width:9em;\">BOOK NOW<\/a><a href=\"https:\/\/shensations.es\/en\/regalar\/\" target=\"_blank\" class=\"sc_button sc_button_square sc_button_style_filled sc_button_size_base\" style=\"margin-right:10px;margin-left:10px;width:9em;color:#a98a75;background-color:#ffffff; border-color:#ffffff;\"><div><span class=\"first\">GITFS<\/span><span class=\"second\">GITFS<\/span><\/div><\/a><\/div><\/div><\/div>[vc_empty_space height=&#8221;4em&#8221;][\/vc_column][\/vc_row][vc_column][\/vc_column]<\/p>\n","protected":false},"excerpt":{"rendered":"<p>[vc_row][vc_column][vc_empty_space height=&#8221;4em&#8221;][vc_column_text] We know that human beings have enormous potential and we want a better world where people are more empowered and more aware of their whole being: body, mind, emotions and spirit. For this, we offer you a wide variety of techniques based on the fundamentals of Eastern Wisdom, which will enable you to [&hellip;]<\/p>\n","protected":false},"author":1,"featured_media":0,"parent":0,"menu_order":0,"comment_status":"closed","ping_status":"closed","template":"","meta":{"_monsterinsights_skip_tracking":false,"_monsterinsights_sitenote_active":false,"_monsterinsights_sitenote_note":"","_monsterinsights_sitenote_category":0},"yoast_head":"<!-- This site is optimized with the Yoast SEO Premium plugin v15.8.2 - https:\/\/yoast.com\/wordpress\/plugins\/seo\/ -->\n<title>About Us - ShenSations. Masajes y Shiatsu en Sevilla<\/title>\n<meta name=\"robots\" content=\"index, follow, max-snippet:-1, max-image-preview:large, max-video-preview:-1\" \/>\n<link rel=\"canonical\" href=\"https:\/\/shensations.es\/en\/conocenos\/\" \/>\n<meta property=\"og:locale\" content=\"en_US\" \/>\n<meta property=\"og:type\" content=\"article\" \/>\n<meta property=\"og:title\" content=\"About Us - ShenSations. Masajes y Shiatsu en Sevilla\" \/>\n<meta property=\"og:description\" content=\"[vc_row][vc_column][vc_empty_space height=&#8221;4em&#8221;][vc_column_text] We know that human beings have enormous potential and we want a better world where people are more empowered and more aware of their whole being: body, mind, emotions and spirit. For this, we offer you a wide variety of techniques based on the fundamentals of Eastern Wisdom, which will enable you to [&hellip;]\" \/>\n<meta property=\"og:url\" content=\"https:\/\/shensations.es\/en\/conocenos\/\" \/>\n<meta property=\"og:site_name\" content=\"ShenSations. Masajes y Shiatsu en Sevilla\" \/>\n<meta property=\"article:publisher\" content=\"https:\/\/www.facebook.com\/www.shensations.es\/\" \/>\n<meta property=\"article:modified_time\" content=\"2025-06-08T20:47:58+00:00\" \/>\n<meta name=\"twitter:label1\" content=\"Est. reading time\">\n\t<meta name=\"twitter:data1\" content=\"2 minutes\">\n<script type=\"application\/ld+json\" class=\"yoast-schema-graph\">{\"@context\":\"https:\/\/schema.org\",\"@graph\":[{\"@type\":[\"Organization\",\"Place\",\"LocalBusiness\"],\"@id\":\"https:\/\/shensations.es\/#organization\",\"name\":\"ShenSations: Masajes, Acupuntura y Shiatsu en Sevilla\",\"url\":\"https:\/\/shensations.es\/\",\"sameAs\":[\"https:\/\/www.facebook.com\/www.shensations.es\/\",\"https:\/\/www.instagram.com\/shensationsevilla\/\",\"https:\/\/www.linkedin.com\/company\/shensations-centro-de-terapias-integrativas\/\",\"https:\/\/www.youtube.com\/channel\/UCn5FkDptfoBzSmLbJwYsGpQ\"],\"logo\":{\"@type\":\"ImageObject\",\"@id\":\"https:\/\/shensations.es\/#logo\",\"inLanguage\":\"en-US\",\"url\":\"https:\/\/shensations.es\/wp-content\/uploads\/2020\/05\/Masajes1-e1589137357634.jpg\",\"width\":1125,\"height\":1080,\"caption\":\"ShenSations: Masajes, Acupuntura y Shiatsu en Sevilla\"},\"image\":{\"@id\":\"https:\/\/shensations.es\/#logo\"},\"location\":{\"@id\":\"https:\/\/shensations.es\/en\/conocenos\/#local-place\"},\"address\":{\"@id\":\"https:\/\/shensations.es\/en\/conocenos\/#local-place-address\"},\"email\":\"info@shensations.es\",\"telephone\":\"+34 606544244\",\"priceRange\":\"$\",\"currenciesAccepted\":\"EUROS\",\"paymentAccepted\":\"EFECTIVO y TARJETA CR\\u00c9DITO\"},{\"@type\":\"WebSite\",\"@id\":\"https:\/\/shensations.es\/#website\",\"url\":\"https:\/\/shensations.es\/\",\"name\":\"ShenSations. Masajes, Acupuntura y Shiatsu en Sevilla\",\"description\":\"\",\"publisher\":{\"@id\":\"https:\/\/shensations.es\/#organization\"},\"potentialAction\":[{\"@type\":\"SearchAction\",\"target\":\"https:\/\/shensations.es\/?s={search_term_string}\",\"query-input\":\"required name=search_term_string\"}],\"inLanguage\":\"en-US\"},{\"@type\":\"WebPage\",\"@id\":\"https:\/\/shensations.es\/en\/conocenos\/#webpage\",\"url\":\"https:\/\/shensations.es\/en\/conocenos\/\",\"name\":\"About Us - ShenSations. Masajes y Shiatsu en Sevilla\",\"isPartOf\":{\"@id\":\"https:\/\/shensations.es\/#website\"},\"datePublished\":\"2016-04-04T13:07:32+00:00\",\"dateModified\":\"2025-06-08T20:47:58+00:00\",\"breadcrumb\":{\"@id\":\"https:\/\/shensations.es\/en\/conocenos\/#breadcrumb\"},\"inLanguage\":\"en-US\",\"potentialAction\":[{\"@type\":\"ReadAction\",\"target\":[\"https:\/\/shensations.es\/en\/conocenos\/\"]}]},{\"@type\":\"BreadcrumbList\",\"@id\":\"https:\/\/shensations.es\/en\/conocenos\/#breadcrumb\",\"itemListElement\":[{\"@type\":\"ListItem\",\"position\":1,\"item\":{\"@type\":\"WebPage\",\"@id\":\"https:\/\/shensations.es\/en\/\",\"url\":\"https:\/\/shensations.es\/en\/\",\"name\":\"Portada\"}},{\"@type\":\"ListItem\",\"position\":2,\"item\":{\"@type\":\"WebPage\",\"@id\":\"https:\/\/shensations.es\/en\/conocenos\/\",\"url\":\"https:\/\/shensations.es\/en\/conocenos\/\",\"name\":\"About Us\"}}]},{\"@type\":\"Place\",\"@id\":\"https:\/\/shensations.es\/en\/conocenos\/#local-place\",\"address\":{\"@type\":\"PostalAddress\",\"@id\":\"https:\/\/shensations.es\/en\/conocenos\/#local-place-address\",\"streetAddress\":\"Calle Esperanza Elena Caro, n2 Planta 2\\u00ba -A2\",\"addressLocality\":\"Sevilla\",\"postalCode\":\"41002\",\"addressRegion\":\"Andalucia\",\"addressCountry\":\"ES\"},\"geo\":{\"@type\":\"GeoCoordinates\",\"latitude\":\"\",\"longitude\":\"\"},\"openingHoursSpecification\":[{\"@type\":\"OpeningHoursSpecification\",\"dayOfWeek\":[\"Monday\",\"Tuesday\",\"Wednesday\",\"Thursday\",\"Friday\"],\"opens\":\"10:00\",\"closes\":\"21:00\"},{\"@type\":\"OpeningHoursSpecification\",\"dayOfWeek\":[\"Saturday\"],\"opens\":\"11:00\",\"closes\":\"21:00\"},{\"@type\":\"OpeningHoursSpecification\",\"dayOfWeek\":[\"Sunday\"],\"opens\":\"00:00\",\"closes\":\"00:00\"}],\"telephone\":\"+34 606544244\"}]}<\/script>\n<meta name=\"geo.placename\" content=\"Sevilla\" \/>\n<meta name=\"geo.region\" content=\"Spain\" \/>\n<!-- \/ Yoast SEO Premium plugin. -->","_links":{"self":[{"href":"https:\/\/shensations.es\/en\/wp-json\/wp\/v2\/pages\/6592"}],"collection":[{"href":"https:\/\/shensations.es\/en\/wp-json\/wp\/v2\/pages"}],"about":[{"href":"https:\/\/shensations.es\/en\/wp-json\/wp\/v2\/types\/page"}],"author":[{"embeddable":true,"href":"https:\/\/shensations.es\/en\/wp-json\/wp\/v2\/users\/1"}],"replies":[{"embeddable":true,"href":"https:\/\/shensations.es\/en\/wp-json\/wp\/v2\/comments?post=6592"}],"version-history":[{"count":10,"href":"https:\/\/shensations.es\/en\/wp-json\/wp\/v2\/pages\/6592\/revisions"}],"predecessor-version":[{"id":10754,"href":"https:\/\/shensations.es\/en\/wp-json\/wp\/v2\/pages\/6592\/revisions\/10754"}],"wp:attachment":[{"href":"https:\/\/shensations.es\/en\/wp-json\/wp\/v2\/media?parent=6592"}],"curies":[{"name":"wp","href":"https:\/\/api.w.org\/{rel}","templated":true}]}}