{"id":6574,"date":"2019-08-16T09:06:57","date_gmt":"2019-08-16T08:06:57","guid":{"rendered":"https:\/\/shensations.es\/reservar\/"},"modified":"2025-06-08T20:54:08","modified_gmt":"2025-06-08T19:54:08","slug":"reservass","status":"publish","type":"page","link":"https:\/\/shensations.es\/en\/reservass\/","title":{"rendered":"Book"},"content":{"rendered":"<p>[vc_row][vc_column]<div class=\"sc_section\"><div class=\"sc_section_inner\"><h6 class=\"sc_section_subtitle sc_item_subtitle\">Book Online<\/h6><h2 class=\"sc_section_title sc_item_title line_hide\">Choose, Book and Enjoy<\/h2><div class=\"sc_section_descr sc_item_descr\">Online Booking is the best way to make an appointment. Through BOOKSY. It's really simple. Just choose your preferred massage and book the day and time you want to enjoy your sensory journey. We recommend booking 24 hours in advance.<\/div><div class=\"sc_section_content_wrap\"><\/div><div class=\"sc_section_button sc_item_button\"><a href=\"https:\/\/bit.ly\/shensationswellnesscenter\" class=\"sc_button sc_button_square sc_button_style_filled sc_button_size_base\"><div><span class=\"first\">BOOK NOW BY BOOKSY<\/span><span class=\"second\">BOOK NOW BY BOOKSY<\/span><\/div><\/a><\/div><\/div><\/div><div class=\"sc_section\"><div class=\"sc_section_inner\"><div class=\"sc_section_descr sc_item_descr\">And if you wish, you can also download the Booksy app and book online.<\/div><div class=\"sc_section_content_wrap\"><\/div><div class=\"sc_section_button sc_item_button\"><a href=\"http:\/\/shensationswellnesscenter85.booksy.com\/\" class=\"sc_button sc_button_square sc_button_style_filled sc_button_size_base\"><div><span class=\"first\">BOOK DOWNLOAD BOOKSY<\/span><span class=\"second\">BOOK DOWNLOAD BOOKSY<\/span><\/div><\/a><\/div><\/div><\/div>[vc_empty_space height=&#8221;3rem&#8221;][vc_column_text]<\/p>\n<p style=\"text-align: center;\"><span style=\"font-size: 14pt;\">You can also book by phone and WhatsApp <a href=\"tel: +34606544244\"><strong>+34 606544244<\/strong><\/a>, or by email to <a href=\"mailto:citas@shensations.es\"><strong>citas@shensations.es.<\/strong><\/a><\/span><\/p>\n<p>[\/vc_column_text][vc_empty_space height=&#8221;3rem&#8221;][vc_separator border_width=&#8221;3&#8243;]<div class=\"columns_wrap sc_columns columns_nofluid sc_columns_count_2 equal_height\"><div class=\"column-1_2 sc_column_item sc_column_item_1 odd first\">[vc_single_image image=&#8221;9759&#8243; img_size=&#8221;medium&#8221; alignment=&#8221;center&#8221;]<\/div><div class=\"column-1_2 sc_column_item sc_column_item_2 even\">[vc_single_image image=&#8221;9763&#8243; img_size=&#8221;medium&#8221; alignment=&#8221;center&#8221;]<\/div><\/div>[\/vc_column][\/vc_row]<\/p>\n","protected":false},"excerpt":{"rendered":"<p>[vc_row][vc_column][vc_empty_space height=&#8221;3rem&#8221;][vc_column_text] You can also book by phone and WhatsApp +34 606544244, or by email to citas@shensations.es. [\/vc_column_text][vc_empty_space height=&#8221;3rem&#8221;][vc_separator border_width=&#8221;3&#8243;][\/vc_column][\/vc_row]<\/p>\n","protected":false},"author":1,"featured_media":0,"parent":0,"menu_order":0,"comment_status":"closed","ping_status":"closed","template":"","meta":{"_monsterinsights_skip_tracking":false,"_monsterinsights_sitenote_active":false,"_monsterinsights_sitenote_note":"","_monsterinsights_sitenote_category":0},"yoast_head":"<!-- This site is optimized with the Yoast SEO Premium plugin v15.8.2 - https:\/\/yoast.com\/wordpress\/plugins\/seo\/ -->\n<title>Book Book - ShenSations. Masajes y Shiatsu en Sevilla<\/title>\n<meta name=\"description\" content=\"Reservar Online es la mejor opci\u00f3n. S\u00f3lo tienes que Seleccionar el masaje que prefieres.Reservar el d\u00eda y hora. Disfrutar de tu viaje sensorial.\" \/>\n<meta name=\"robots\" content=\"index, follow, max-snippet:-1, max-image-preview:large, max-video-preview:-1\" \/>\n<link rel=\"canonical\" href=\"https:\/\/shensations.es\/en\/reservass\/\" \/>\n<meta property=\"og:locale\" content=\"en_US\" \/>\n<meta property=\"og:type\" content=\"article\" \/>\n<meta property=\"og:title\" content=\"Book Book - ShenSations. Masajes y Shiatsu en Sevilla\" \/>\n<meta property=\"og:description\" content=\"Reservar Online es la mejor opci\u00f3n. S\u00f3lo tienes que Seleccionar el masaje que prefieres.Reservar el d\u00eda y hora. Disfrutar de tu viaje sensorial.\" \/>\n<meta property=\"og:url\" content=\"https:\/\/shensations.es\/en\/reservass\/\" \/>\n<meta property=\"og:site_name\" content=\"ShenSations. Masajes y Shiatsu en Sevilla\" \/>\n<meta property=\"article:publisher\" content=\"https:\/\/www.facebook.com\/www.shensations.es\/\" \/>\n<meta property=\"article:modified_time\" content=\"2025-06-08T19:54:08+00:00\" \/>\n<meta name=\"twitter:label1\" content=\"Est. reading time\">\n\t<meta name=\"twitter:data1\" content=\"1 minute\">\n<script type=\"application\/ld+json\" class=\"yoast-schema-graph\">{\"@context\":\"https:\/\/schema.org\",\"@graph\":[{\"@type\":[\"Organization\",\"Place\",\"LocalBusiness\"],\"@id\":\"https:\/\/shensations.es\/#organization\",\"name\":\"ShenSations: Masajes, Acupuntura y Shiatsu en Sevilla\",\"url\":\"https:\/\/shensations.es\/\",\"sameAs\":[\"https:\/\/www.facebook.com\/www.shensations.es\/\",\"https:\/\/www.instagram.com\/shensationsevilla\/\",\"https:\/\/www.linkedin.com\/company\/shensations-centro-de-terapias-integrativas\/\",\"https:\/\/www.youtube.com\/channel\/UCn5FkDptfoBzSmLbJwYsGpQ\"],\"logo\":{\"@type\":\"ImageObject\",\"@id\":\"https:\/\/shensations.es\/#logo\",\"inLanguage\":\"en-US\",\"url\":\"https:\/\/shensations.es\/wp-content\/uploads\/2020\/05\/Masajes1-e1589137357634.jpg\",\"width\":1125,\"height\":1080,\"caption\":\"ShenSations: Masajes, Acupuntura y Shiatsu en Sevilla\"},\"image\":{\"@id\":\"https:\/\/shensations.es\/#logo\"},\"location\":{\"@id\":\"https:\/\/shensations.es\/en\/reservass\/#local-place\"},\"address\":{\"@id\":\"https:\/\/shensations.es\/en\/reservass\/#local-place-address\"},\"email\":\"info@shensations.es\",\"telephone\":\"+34 606544244\",\"priceRange\":\"$\",\"currenciesAccepted\":\"EUROS\",\"paymentAccepted\":\"EFECTIVO y TARJETA CR\\u00c9DITO\"},{\"@type\":\"WebSite\",\"@id\":\"https:\/\/shensations.es\/#website\",\"url\":\"https:\/\/shensations.es\/\",\"name\":\"ShenSations. Masajes, Acupuntura y Shiatsu en Sevilla\",\"description\":\"\",\"publisher\":{\"@id\":\"https:\/\/shensations.es\/#organization\"},\"potentialAction\":[{\"@type\":\"SearchAction\",\"target\":\"https:\/\/shensations.es\/?s={search_term_string}\",\"query-input\":\"required name=search_term_string\"}],\"inLanguage\":\"en-US\"},{\"@type\":\"WebPage\",\"@id\":\"https:\/\/shensations.es\/en\/reservass\/#webpage\",\"url\":\"https:\/\/shensations.es\/en\/reservass\/\",\"name\":\"Book Book - ShenSations. Masajes y Shiatsu en Sevilla\",\"isPartOf\":{\"@id\":\"https:\/\/shensations.es\/#website\"},\"datePublished\":\"2019-08-16T08:06:57+00:00\",\"dateModified\":\"2025-06-08T19:54:08+00:00\",\"description\":\"Reservar Online es la mejor opci\\u00f3n. S\\u00f3lo tienes que Seleccionar el masaje que prefieres.Reservar el d\\u00eda y hora. Disfrutar de tu viaje sensorial.\",\"breadcrumb\":{\"@id\":\"https:\/\/shensations.es\/en\/reservass\/#breadcrumb\"},\"inLanguage\":\"en-US\",\"potentialAction\":[{\"@type\":\"ReadAction\",\"target\":[\"https:\/\/shensations.es\/en\/reservass\/\"]}]},{\"@type\":\"BreadcrumbList\",\"@id\":\"https:\/\/shensations.es\/en\/reservass\/#breadcrumb\",\"itemListElement\":[{\"@type\":\"ListItem\",\"position\":1,\"item\":{\"@type\":\"WebPage\",\"@id\":\"https:\/\/shensations.es\/en\/\",\"url\":\"https:\/\/shensations.es\/en\/\",\"name\":\"Portada\"}},{\"@type\":\"ListItem\",\"position\":2,\"item\":{\"@type\":\"WebPage\",\"@id\":\"https:\/\/shensations.es\/en\/reservass\/\",\"url\":\"https:\/\/shensations.es\/en\/reservass\/\",\"name\":\"Book\"}}]},{\"@type\":\"Place\",\"@id\":\"https:\/\/shensations.es\/en\/reservass\/#local-place\",\"address\":{\"@type\":\"PostalAddress\",\"@id\":\"https:\/\/shensations.es\/en\/reservass\/#local-place-address\",\"streetAddress\":\"Calle Esperanza Elena Caro, n2 Planta 2\\u00ba -A2\",\"addressLocality\":\"Sevilla\",\"postalCode\":\"41002\",\"addressRegion\":\"Andalucia\",\"addressCountry\":\"ES\"},\"geo\":{\"@type\":\"GeoCoordinates\",\"latitude\":\"\",\"longitude\":\"\"},\"openingHoursSpecification\":[{\"@type\":\"OpeningHoursSpecification\",\"dayOfWeek\":[\"Monday\",\"Tuesday\",\"Wednesday\",\"Thursday\",\"Friday\"],\"opens\":\"10:00\",\"closes\":\"21:00\"},{\"@type\":\"OpeningHoursSpecification\",\"dayOfWeek\":[\"Saturday\"],\"opens\":\"11:00\",\"closes\":\"21:00\"},{\"@type\":\"OpeningHoursSpecification\",\"dayOfWeek\":[\"Sunday\"],\"opens\":\"00:00\",\"closes\":\"00:00\"}],\"telephone\":\"+34 606544244\"}]}<\/script>\n<meta name=\"geo.placename\" content=\"Sevilla\" \/>\n<meta name=\"geo.region\" content=\"Spain\" \/>\n<!-- \/ Yoast SEO Premium plugin. -->","_links":{"self":[{"href":"https:\/\/shensations.es\/en\/wp-json\/wp\/v2\/pages\/6574"}],"collection":[{"href":"https:\/\/shensations.es\/en\/wp-json\/wp\/v2\/pages"}],"about":[{"href":"https:\/\/shensations.es\/en\/wp-json\/wp\/v2\/types\/page"}],"author":[{"embeddable":true,"href":"https:\/\/shensations.es\/en\/wp-json\/wp\/v2\/users\/1"}],"replies":[{"embeddable":true,"href":"https:\/\/shensations.es\/en\/wp-json\/wp\/v2\/comments?post=6574"}],"version-history":[{"count":18,"href":"https:\/\/shensations.es\/en\/wp-json\/wp\/v2\/pages\/6574\/revisions"}],"predecessor-version":[{"id":9805,"href":"https:\/\/shensations.es\/en\/wp-json\/wp\/v2\/pages\/6574\/revisions\/9805"}],"wp:attachment":[{"href":"https:\/\/shensations.es\/en\/wp-json\/wp\/v2\/media?parent=6574"}],"curies":[{"name":"wp","href":"https:\/\/api.w.org\/{rel}","templated":true}]}}